{"id":11,"date":"2020-12-10T12:56:06","date_gmt":"2020-12-10T12:56:06","guid":{"rendered":"http:\/?page_id=11"},"modified":"2026-02-12T19:51:11","modified_gmt":"2026-02-12T19:51:11","slug":"om","status":"publish","type":"page","link":"https:\/\/www.ekenbredband.se\/?page_id=11","title":{"rendered":"Dokument"},"content":{"rendered":"\t\t<div data-elementor-type=\"wp-page\" data-elementor-id=\"11\" class=\"elementor elementor-11\" data-elementor-post-type=\"page\">\n\t\t\t\t<div class=\"elementor-element elementor-element-2c20ca79 e-flex e-con-boxed e-con e-parent\" data-id=\"2c20ca79\" data-element_type=\"container\">\n\t\t\t\t\t<div class=\"e-con-inner\">\n\t\t\t\t<div class=\"elementor-element elementor-element-11cb1b68 elementor-widget elementor-widget-text-editor\" data-id=\"11cb1b68\" data-element_type=\"widget\" data-widget_type=\"text-editor.default\">\n\t\t\t\t<div class=\"elementor-widget-container\">\n\t\t\t\t\t\t\t\t\t<h2>\u00c5rsm\u00f6tesprotokoll<\/h2>\n<p><!-- \/wp:heading --><!-- wp:paragraph --><\/p>\n<p><b>\u00c5r 2024: <a href=\"https:\/\/www.ekenbredband.se\/wp-content\/uploads\/2025\/02\/Protokoll_2024-06-03_Arsmote.pdf\">Protokoll_2024-06-03_\u00c5rsm\u00f6te<\/a><br \/>\u00c5r 2025: <a href=\"https:\/\/www.ekenbredband.se\/wp-content\/uploads\/2026\/02\/Protokoll_2025-05-22_Arsmote.pdf\">Protokoll_2025-05-22_\u00c5rsm\u00f6te<\/a><\/b><\/p>\n<p><!-- \/wp:paragraph --><!-- wp:paragraph --><!-- \/wp:paragraph --><!-- wp:paragraph --><!-- \/wp:paragraph --><\/p>\t\t\t\t\t\t\t\t<\/div>\n\t\t\t\t<\/div>\n\t\t\t\t\t<\/div>\n\t\t\t\t<\/div>\n\t\t\t\t<\/div>\n\t\t","protected":false},"excerpt":{"rendered":"<p>\u00c5rsm\u00f6tesprotokoll \u00c5r 2024: Protokoll_2024-06-03_\u00c5rsm\u00f6te\u00c5r 2025: Protokoll_2025-05-22_\u00c5rsm\u00f6te<\/p>\n","protected":false},"author":1,"featured_media":0,"parent":0,"menu_order":0,"comment_status":"closed","ping_status":"closed","template":"","meta":{"footnotes":""},"class_list":["post-11","page","type-page","status-publish","hentry"],"_links":{"self":[{"href":"https:\/\/www.ekenbredband.se\/index.php?rest_route=\/wp\/v2\/pages\/11","targetHints":{"allow":["GET"]}}],"collection":[{"href":"https:\/\/www.ekenbredband.se\/index.php?rest_route=\/wp\/v2\/pages"}],"about":[{"href":"https:\/\/www.ekenbredband.se\/index.php?rest_route=\/wp\/v2\/types\/page"}],"author":[{"embeddable":true,"href":"https:\/\/www.ekenbredband.se\/index.php?rest_route=\/wp\/v2\/users\/1"}],"replies":[{"embeddable":true,"href":"https:\/\/www.ekenbredband.se\/index.php?rest_route=%2Fwp%2Fv2%2Fcomments&post=11"}],"version-history":[{"count":21,"href":"https:\/\/www.ekenbredband.se\/index.php?rest_route=\/wp\/v2\/pages\/11\/revisions"}],"predecessor-version":[{"id":199,"href":"https:\/\/www.ekenbredband.se\/index.php?rest_route=\/wp\/v2\/pages\/11\/revisions\/199"}],"wp:attachment":[{"href":"https:\/\/www.ekenbredband.se\/index.php?rest_route=%2Fwp%2Fv2%2Fmedia&parent=11"}],"curies":[{"name":"wp","href":"https:\/\/api.w.org\/{rel}","templated":true}]}}