{"id":53,"date":"2021-04-21T08:38:35","date_gmt":"2021-04-21T08:38:35","guid":{"rendered":"https:\/\/www.ekenbredband.se\/?page_id=53"},"modified":"2026-02-12T19:39:53","modified_gmt":"2026-02-12T19:39:53","slug":"avgifter","status":"publish","type":"page","link":"https:\/\/www.ekenbredband.se\/?page_id=53","title":{"rendered":"Avgifter"},"content":{"rendered":"\t\t<div data-elementor-type=\"wp-page\" data-elementor-id=\"53\" class=\"elementor elementor-53\" data-elementor-post-type=\"page\">\n\t\t\t\t<div class=\"elementor-element elementor-element-1218004d e-flex e-con-boxed e-con e-parent\" data-id=\"1218004d\" data-element_type=\"container\">\n\t\t\t\t\t<div class=\"e-con-inner\">\n\t\t\t\t<div class=\"elementor-element elementor-element-28d349f9 elementor-widget elementor-widget-text-editor\" data-id=\"28d349f9\" data-element_type=\"widget\" data-widget_type=\"text-editor.default\">\n\t\t\t\t<div class=\"elementor-widget-container\">\n\t\t\t\t\t\t\t\t\t<p>Medlemsavgiften fr\u00e5n 2026 \u00e4r p\u00e5 700 kronor.<br \/>Denna avgift best\u00e4ms p\u00e5 f\u00f6reningsst\u00e4mman och ska t\u00e4cka f\u00f6reningens kostnader f\u00f6r underh\u00e5ll, f\u00f6rs\u00e4kringar, personalkostnader, administration och liknande utgifter.<\/p>\n<p><!-- \/wp:paragraph --><!-- wp:paragraph --><\/p>\n<p><!-- \/wp:paragraph --><\/p>\t\t\t\t\t\t\t\t<\/div>\n\t\t\t\t<\/div>\n\t\t\t\t\t<\/div>\n\t\t\t\t<\/div>\n\t\t\t\t<\/div>\n\t\t","protected":false},"excerpt":{"rendered":"<p>Medlemsavgiften fr\u00e5n 2026 \u00e4r p\u00e5 700 kronor.Denna avgift best\u00e4ms p\u00e5 f\u00f6reningsst\u00e4mman och ska t\u00e4cka f\u00f6reningens kostnader f\u00f6r underh\u00e5ll, f\u00f6rs\u00e4kringar, personalkostnader, administration och liknande utgifter.<\/p>\n","protected":false},"author":2,"featured_media":0,"parent":0,"menu_order":0,"comment_status":"closed","ping_status":"closed","template":"","meta":{"footnotes":""},"class_list":["post-53","page","type-page","status-publish","hentry"],"_links":{"self":[{"href":"https:\/\/www.ekenbredband.se\/index.php?rest_route=\/wp\/v2\/pages\/53","targetHints":{"allow":["GET"]}}],"collection":[{"href":"https:\/\/www.ekenbredband.se\/index.php?rest_route=\/wp\/v2\/pages"}],"about":[{"href":"https:\/\/www.ekenbredband.se\/index.php?rest_route=\/wp\/v2\/types\/page"}],"author":[{"embeddable":true,"href":"https:\/\/www.ekenbredband.se\/index.php?rest_route=\/wp\/v2\/users\/2"}],"replies":[{"embeddable":true,"href":"https:\/\/www.ekenbredband.se\/index.php?rest_route=%2Fwp%2Fv2%2Fcomments&post=53"}],"version-history":[{"count":16,"href":"https:\/\/www.ekenbredband.se\/index.php?rest_route=\/wp\/v2\/pages\/53\/revisions"}],"predecessor-version":[{"id":195,"href":"https:\/\/www.ekenbredband.se\/index.php?rest_route=\/wp\/v2\/pages\/53\/revisions\/195"}],"wp:attachment":[{"href":"https:\/\/www.ekenbredband.se\/index.php?rest_route=%2Fwp%2Fv2%2Fmedia&parent=53"}],"curies":[{"name":"wp","href":"https:\/\/api.w.org\/{rel}","templated":true}]}}