{"id":9,"date":"2020-12-10T12:55:32","date_gmt":"2020-12-10T12:55:32","guid":{"rendered":"http:\/?page_id=9"},"modified":"2026-04-16T18:21:51","modified_gmt":"2026-04-16T18:21:51","slug":"hem","status":"publish","type":"page","link":"https:\/\/www.ekenbredband.se\/","title":{"rendered":"Hem"},"content":{"rendered":"\t\t<div data-elementor-type=\"wp-page\" data-elementor-id=\"9\" class=\"elementor elementor-9\" data-elementor-post-type=\"page\">\n\t\t\t\t<div class=\"elementor-element elementor-element-e876d9a e-flex e-con-boxed e-con e-parent\" data-id=\"e876d9a\" data-element_type=\"container\">\n\t\t\t\t\t<div class=\"e-con-inner\">\n\t\t\t\t<div class=\"elementor-element elementor-element-feabe67 elementor-widget elementor-widget-text-editor\" data-id=\"feabe67\" data-element_type=\"widget\" data-widget_type=\"text-editor.default\">\n\t\t\t\t<div class=\"elementor-widget-container\">\n\t\t\t\t\t\t\t\t\t<h1>Kallelse till \u00e5rsst\u00e4mma<\/h1>\n<p><!-- \/wp:heading --><!-- wp:paragraph --><\/p>\n<h6>Vi i styrelsen \u00f6nskar er varmt v\u00e4lkomna till Bredbandf\u00f6reningens \u00e5rst\u00e4mma f\u00f6r 2026!<br \/><br \/>St\u00e4mman intr\u00e4ffar Torsdagen den 21 Maj kl 18:00 p\u00e5 Dansbanan.<br \/><br \/>Varmt v\u00e4lkomna!<\/h6>\t\t\t\t\t\t\t\t<\/div>\n\t\t\t\t<\/div>\n\t\t\t\t\t<\/div>\n\t\t\t\t<\/div>\n\t\t<div class=\"elementor-element elementor-element-5fed8d35 e-flex e-con-boxed e-con e-parent\" data-id=\"5fed8d35\" data-element_type=\"container\">\n\t\t\t\t\t<div class=\"e-con-inner\">\n\t\t\t\t<div class=\"elementor-element elementor-element-5bb13fae elementor-widget elementor-widget-text-editor\" data-id=\"5bb13fae\" data-element_type=\"widget\" data-widget_type=\"text-editor.default\">\n\t\t\t\t<div class=\"elementor-widget-container\">\n\t\t\t\t\t\t\t\t\t<!-- wp:separator --><hr class=\"wp-block-separator\" \/><!-- \/wp:separator --><!-- wp:heading -->\n<h2>Du som vill bli medlem<\/h2>\n<!-- \/wp:heading --><!-- wp:paragraph -->\n<p><em>F\u00f6ruts\u00e4ttningar f\u00f6r att bli upptagen som ny medlem:<\/em><\/p>\n<!-- \/wp:paragraph --><!-- wp:heading {\"level\":3} -->\n<h4>Fastigheten m\u00e5ste tillh\u00f6ra Fuller\u00f6 samf\u00e4llighetsf\u00f6rening<\/h4>\n<!-- \/wp:heading --><!-- wp:paragraph -->\n<p>Fastighets\u00e4garen har f\u00e5tt ett godk\u00e4nnande fr\u00e5n Ekenbredband att fastigheten f\u00e5r anslutas till bredbandsn\u00e4tet<\/p>\n<!-- \/wp:paragraph --><!-- wp:paragraph -->\n<p>Best\u00e4llning av blankett f\u00f6r ans\u00f6kan om medlemskap hittar du h\u00e4r: <a href=\"https:\/\/www.ekenbredband.se\/wp-content\/uploads\/2021\/04\/Ansokan-medlem-Bredbandsforeningen.pdf\" data-type=\"URL\" data-id=\"https:\/\/www.ekenbredband.se\/wp-content\/uploads\/2021\/04\/Ansokan-medlem-Bredbandsforeningen.pdf\">Blankett f\u00f6r ans\u00f6kan medlemskap Bredband<\/a><\/p>\n<!-- \/wp:paragraph --><!-- wp:heading {\"level\":3} -->\n<h4>Att realisera bredbandsanslutningen av fastigheten kr\u00e4vs tekniska, fysiska och administrativa \u00e5tg\u00e4rder.<\/h4>\n<!-- \/wp:heading --><!-- wp:paragraph -->\n<p>Nya anslutningar av fastigheter till bredbandsn\u00e4tet sker av praktiska sk\u00e4l f\u00f6retr\u00e4desvis under tidsperioden 1\/5 &#8211; 30\/9.<\/p>\n<!-- \/wp:paragraph -->\t\t\t\t\t\t\t\t<\/div>\n\t\t\t\t<\/div>\n\t\t\t\t\t<\/div>\n\t\t\t\t<\/div>\n\t\t\t\t<\/div>\n\t\t","protected":false},"excerpt":{"rendered":"<p>Kallelse till \u00e5rsst\u00e4mma Vi i styrelsen \u00f6nskar er varmt v\u00e4lkomna till Bredbandf\u00f6reningens \u00e5rst\u00e4mma f\u00f6r 2026! St\u00e4mman intr\u00e4ffar Torsdagen den 21 Maj kl 18:00 p\u00e5 Dansbanan. Varmt v\u00e4lkomna! Du som vill bli medlem F\u00f6ruts\u00e4ttningar f\u00f6r att bli upptagen som ny medlem: Fastigheten m\u00e5ste tillh\u00f6ra Fuller\u00f6 samf\u00e4llighetsf\u00f6rening Fastighets\u00e4garen har f\u00e5tt ett godk\u00e4nnande fr\u00e5n Ekenbredband att fastigheten f\u00e5r [&hellip;]<\/p>\n","protected":false},"author":1,"featured_media":0,"parent":0,"menu_order":0,"comment_status":"closed","ping_status":"closed","template":"","meta":{"footnotes":""},"class_list":["post-9","page","type-page","status-publish","hentry"],"_links":{"self":[{"href":"https:\/\/www.ekenbredband.se\/index.php?rest_route=\/wp\/v2\/pages\/9","targetHints":{"allow":["GET"]}}],"collection":[{"href":"https:\/\/www.ekenbredband.se\/index.php?rest_route=\/wp\/v2\/pages"}],"about":[{"href":"https:\/\/www.ekenbredband.se\/index.php?rest_route=\/wp\/v2\/types\/page"}],"author":[{"embeddable":true,"href":"https:\/\/www.ekenbredband.se\/index.php?rest_route=\/wp\/v2\/users\/1"}],"replies":[{"embeddable":true,"href":"https:\/\/www.ekenbredband.se\/index.php?rest_route=%2Fwp%2Fv2%2Fcomments&post=9"}],"version-history":[{"count":43,"href":"https:\/\/www.ekenbredband.se\/index.php?rest_route=\/wp\/v2\/pages\/9\/revisions"}],"predecessor-version":[{"id":203,"href":"https:\/\/www.ekenbredband.se\/index.php?rest_route=\/wp\/v2\/pages\/9\/revisions\/203"}],"wp:attachment":[{"href":"https:\/\/www.ekenbredband.se\/index.php?rest_route=%2Fwp%2Fv2%2Fmedia&parent=9"}],"curies":[{"name":"wp","href":"https:\/\/api.w.org\/{rel}","templated":true}]}}